{"id":125,"date":"2025-10-17T08:33:46","date_gmt":"2025-10-17T08:33:46","guid":{"rendered":"https:\/\/automation-auf-cnc-maschine.ch\/?page_id=125"},"modified":"2025-10-31T13:20:34","modified_gmt":"2025-10-31T13:20:34","slug":"contact","status":"publish","type":"page","link":"https:\/\/automation-auf-cnc-maschine.ch\/en\/kontakt\/","title":{"rendered":"Contact"},"content":{"rendered":"<p>[et_pb_section fb_built=&#8220;1&#8243; _builder_version=&#8220;4.27.4&#8243; _module_preset=&#8220;default&#8220; global_colors_info=&#8220;{}&#8220;][et_pb_row _builder_version=&#8220;4.27.4&#8243; _module_preset=&#8220;default&#8220; global_colors_info=&#8220;{}&#8220;][et_pb_column type=&#8220;4_4&#8243; _builder_version=&#8220;4.27.4&#8243; _module_preset=&#8220;default&#8220; global_colors_info=&#8220;{}&#8220;][et_pb_text _builder_version=&#8220;4.27.4&#8243; _module_preset=&#8220;default&#8220; header_font_size=&#8220;22.5px&#8220; global_colors_info=&#8220;{}&#8220;]<\/p>\n<h1>Kontakt<\/h1>\n<p><span>pL LEHMANN\u00ae ist mit einem &#8222;Global Network&#8220; international aufgestellt und in ca. 20 L\u00e4ndern pr\u00e4sent. \u00dcber die nachfolgende Karte finden Sie sofort Ihren zust\u00e4ndigen Partner. Falls es in Ihrem Land keinen markierten Standort hat, steht Ihnen unser Headquarters in der Schweiz gerne zur Verf\u00fcgung. Sie d\u00fcrfen sich auch jederzeit \u00fcber das Kontaktformular bei uns melden. Der zust\u00e4ndige Ansprechpartner wird Sie anschliessend kontaktieren.<\/span><\/p>\n<p>[\/et_pb_text][et_pb_code _builder_version=&#8220;4.27.4&#8243; _module_preset=&#8220;default&#8220; global_colors_info=&#8220;{}&#8220;]<div class='fluentform ff-default fluentform_wrapper_4 ffs_default_wrap'><form data-form_id=\"4\" id=\"fluentform_4\" class=\"frm-fluent-form fluent_form_4 ff-el-form-top ff_form_instance_4_1 ff-form-loading ff_has_v3_recptcha ffs_default\" data-form_instance=\"ff_form_instance_4_1\" method=\"POST\" data-recptcha_key=\"6Lcv7gwsAAAAAAXZ7FSfBluNnOT77laNhQIS6QII\" ><fieldset  style=\"border: none!important;margin: 0!important;padding: 0!important;background-color: transparent!important;box-shadow: none!important;outline: none!important; min-inline-size: 100%;\">\n                    <legend class=\"ff_screen_reader_title\" style=\"display: block; margin: 0!important;padding: 0!important;height: 0!important;text-indent: -999999px;width: 0!important;overflow:hidden;\">Kontaktformular<\/legend><input type='hidden' name='__fluent_form_embded_post_id' value='125' \/><input type=\"hidden\" id=\"_fluentform_4_fluentformnonce\" name=\"_fluentform_4_fluentformnonce\" value=\"aecab99627\" \/><input type=\"hidden\" name=\"_wp_http_referer\" value=\"\/en\/wp-json\/wp\/v2\/pages\/125\" \/><div data-name=\"ff_cn_id_1\"  class='ff-t-container ff-column-container ff_columns_total_2 '><div class='ff-t-cell ff-t-column-1' style='flex-basis: 50%;'><div class='ff-el-group'><div class='ff-el-input--content'><input type=\"text\" name=\"input_text\" class=\"ff-el-form-control\" placeholder=\"Firma\" data-name=\"input_text\" id=\"ff_4_input_text\"  aria-invalid=\"false\" aria-required=false><\/div><\/div><\/div><div class='ff-t-cell ff-t-column-2' style='flex-basis: 50%;'><div class='ff-el-group'><div class='ff-el-input--content'><select name=\"dropdown\" id=\"ff_4_dropdown\" class=\"ff-el-form-control\" data-name=\"dropdown\" data-calc_value=\"0\"  aria-invalid=\"false\" aria-required=\"true\" aria-labelledby=\"label_ff_4_dropdown\"><option value=\"\">Anrede<\/option><option value=\"Herr\"  >Herr<\/option><option value=\"Frau\"  >Frau<\/option><\/select><\/div><\/div><\/div><\/div><div data-type=\"name-element\" data-name=\"names\" class=\" ff-field_container ff-name-field-wrapper\" ><div class='ff-t-container'><div class='ff-t-cell '><div class='ff-el-group'><div class='ff-el-input--content'><input type=\"text\" name=\"names[first_name]\" id=\"ff_4_names_first_name_\" class=\"ff-el-form-control\" placeholder=\"Vorname\" aria-invalid=\"false\" aria-required=true><\/div><\/div><\/div><div class='ff-t-cell '><div class='ff-el-group'><div class='ff-el-input--content'><input type=\"text\" name=\"names[last_name]\" id=\"ff_4_names_last_name_\" class=\"ff-el-form-control\" placeholder=\"Nachname\" aria-invalid=\"false\" aria-required=true><\/div><\/div><\/div><\/div><\/div><div data-name=\"ff_cn_id_2\"  class='ff-t-container ff-column-container ff_columns_total_2 '><div class='ff-t-cell ff-t-column-1' style='flex-basis: 50%;'><div class='ff-el-group'><div class='ff-el-input--content'><input name=\"phone_1\" class=\"ff-el-form-control ff-el-phone ff_el_with_extended_validation\" type=\"tel\" placeholder=\"Telefon oder Mobil\" data-name=\"phone_1\" id=\"ff_4_phone_1\" inputmode=\"tel\"  aria-invalid='false' aria-required=true><\/div><\/div><\/div><div class='ff-t-cell ff-t-column-2' style='flex-basis: 50%;'><div class='ff-el-group'><div class='ff-el-input--content'><input type=\"email\" name=\"email_1\" id=\"ff_4_email_1\" class=\"ff-el-form-control\" placeholder=\"E-Mail-Adresse\" data-name=\"email_1\"  aria-invalid=\"false\" aria-required=true><\/div><\/div><\/div><\/div><div class='ff-el-group'><div class='ff-el-input--content'><textarea aria-required=\"false\" aria-labelledby=\"label_ff_4_message\" name=\"message\" id=\"ff_4_message\" class=\"ff-el-form-control\" placeholder=\"Nachricht\" rows=\"4\" cols=\"2\" data-name=\"message\" ><\/textarea><\/div><\/div><div class='ff-el-group ff-text-right ff_submit_btn_wrapper'><button type=\"submit\" class=\"ff-btn ff-btn-submit ff-btn-md ff_btn_style wpf_has_custom_css\"  aria-label=\"Senden\">Senden<\/button><\/div><\/fieldset><\/form><div id='fluentform_4_errors' class='ff-errors-in-stack ff_form_instance_4_1 ff-form-loading_errors ff_form_instance_4_1_errors'><\/div><\/div>            <script type=\"text\/javascript\">\n                window.fluent_form_ff_form_instance_4_1 = {\"id\":\"4\",\"settings\":{\"layout\":{\"labelPlacement\":\"top\",\"helpMessagePlacement\":\"with_label\",\"errorMessagePlacement\":\"inline\",\"asteriskPlacement\":\"asterisk-right\"},\"id\":\"39\",\"restrictions\":{\"denyEmptySubmission\":{\"enabled\":false}}},\"form_instance\":\"ff_form_instance_4_1\",\"form_id_selector\":\"fluentform_4\",\"rules\":{\"input_text\":{\"required\":{\"value\":false,\"message\":\"This field is required\",\"global_message\":\"Dieses Feld ist erforderlich\",\"global\":true}},\"dropdown\":{\"required\":{\"value\":true,\"message\":\"This field is required\",\"global_message\":\"Dieses Feld ist erforderlich\",\"global\":true}},\"names[first_name]\":{\"required\":{\"value\":true,\"message\":\"Dieses Feld ist Pflicht.\",\"global\":false,\"global_message\":\"Dieses Feld ist erforderlich\"}},\"names[middle_name]\":{\"required\":{\"value\":false,\"message\":\"This field is required\",\"global\":false,\"global_message\":\"Dieses Feld ist erforderlich\"}},\"names[last_name]\":{\"required\":{\"value\":true,\"message\":\"Dieses Feld ist Pflicht.\",\"global\":false,\"global_message\":\"Dieses Feld ist erforderlich\"}},\"phone_1\":{\"required\":{\"value\":true,\"message\":\"Dieses Feld ist Pflicht.\",\"global\":false,\"global_message\":\"Dieses Feld ist erforderlich\"},\"valid_phone_number\":{\"value\":true,\"message\":\"Telefonnummer ist nicht g\\u00fcltig.\",\"global\":false,\"global_message\":\"Telefonnummer ist ung\\u00fcltig\"}},\"email_1\":{\"required\":{\"value\":true,\"message\":\"Dieses Feld ist Pflicht.\",\"global\":false,\"global_message\":\"Dieses Feld ist erforderlich\"},\"email\":{\"value\":true,\"message\":\"Dieses Feld muss eine g\\u00fcltige E-Mail enthalten.\",\"global\":false,\"global_message\":\"Dieses Feld muss eine g\\u00fcltige E-Mail-Adresse enthalten\"}},\"message\":{\"required\":{\"value\":false,\"message\":\"This field is required\",\"global\":false,\"global_message\":\"Dieses Feld ist erforderlich\"}},\"g-recaptcha-response\":[]},\"debounce_time\":300};\n                            <\/script>\n            [\/et_pb_code][et_pb_code _builder_version=&#8220;4.27.4&#8243; _module_preset=&#8220;default&#8220; global_colors_info=&#8220;{}&#8220;]<iframe src=\"https:\/\/www.google.com\/maps\/embed?pb=!1m18!1m12!1m3!1d3348.808049010947!2d7.8110463999999995!3d46.9331154!2m3!1f0!2f0!3f0!3m2!1i1024!2i768!4f13.1!3m3!1m2!1s0x478fc8c14a899cff%3A0x2c0fbb5a3b777a0f!2sPeter%20Lehmann%20AG!5e1!3m2!1sde!2sch!4v1761659946479!5m2!1sde!2sch\" width=\"100%\" height=\"400\" style=\"border:0;\" allowfullscreen=\"\" loading=\"lazy\" referrerpolicy=\"no-referrer-when-downgrade\"><\/iframe>[\/et_pb_code][\/et_pb_column][\/et_pb_row][\/et_pb_section]<\/p>\n","protected":false},"excerpt":{"rendered":"<p>Kontakt pL LEHMANN\u00ae ist mit einem &#8222;Global Network&#8220; international aufgestellt und in ca. 20 L\u00e4ndern pr\u00e4sent. \u00dcber die nachfolgende Karte finden Sie sofort Ihren zust\u00e4ndigen Partner. Falls es in Ihrem Land keinen markierten Standort hat, steht Ihnen unser Headquarters in der Schweiz gerne zur Verf\u00fcgung. Sie d\u00fcrfen sich auch jederzeit \u00fcber das Kontaktformular bei uns [&hellip;]<\/p>\n","protected":false},"author":1,"featured_media":0,"parent":0,"menu_order":0,"comment_status":"closed","ping_status":"closed","template":"","meta":{"_et_pb_use_builder":"on","_et_pb_old_content":"","_et_gb_content_width":"","footnotes":""},"class_list":["post-125","page","type-page","status-publish","hentry"],"yoast_head":"<!-- This site is optimized with the Yoast SEO plugin v26.8 - https:\/\/yoast.com\/product\/yoast-seo-wordpress\/ -->\n<title>Kontakt - CNC Automationsl\u00f6sungen<\/title>\n<meta name=\"robots\" content=\"index, follow, max-snippet:-1, max-image-preview:large, max-video-preview:-1\" \/>\n<link rel=\"canonical\" href=\"https:\/\/automation-auf-cnc-maschine.ch\/en\/contact\/\" \/>\n<meta property=\"og:locale\" content=\"en_GB\" \/>\n<meta property=\"og:type\" content=\"article\" \/>\n<meta property=\"og:title\" content=\"Kontakt - CNC Automationsl\u00f6sungen\" \/>\n<meta property=\"og:description\" content=\"Kontakt pL LEHMANN\u00ae ist mit einem &quot;Global Network&quot; international aufgestellt und in ca. 20 L\u00e4ndern pr\u00e4sent. \u00dcber die nachfolgende Karte finden Sie sofort Ihren zust\u00e4ndigen Partner. Falls es in Ihrem Land keinen markierten Standort hat, steht Ihnen unser Headquarters in der Schweiz gerne zur Verf\u00fcgung. Sie d\u00fcrfen sich auch jederzeit \u00fcber das Kontaktformular bei uns [&hellip;]\" \/>\n<meta property=\"og:url\" content=\"https:\/\/automation-auf-cnc-maschine.ch\/en\/contact\/\" \/>\n<meta property=\"og:site_name\" content=\"CNC Automationsl\u00f6sungen\" \/>\n<meta property=\"article:modified_time\" content=\"2025-10-31T13:20:34+00:00\" \/>\n<meta name=\"twitter:card\" content=\"summary_large_image\" \/>\n<meta name=\"twitter:label1\" content=\"Estimated reading time\" \/>\n\t<meta name=\"twitter:data1\" content=\"1 minute\" \/>\n<script type=\"application\/ld+json\" class=\"yoast-schema-graph\">{\"@context\":\"https:\/\/schema.org\",\"@graph\":[{\"@type\":\"WebPage\",\"@id\":\"https:\/\/automation-auf-cnc-maschine.ch\/kontakt\/\",\"url\":\"https:\/\/automation-auf-cnc-maschine.ch\/kontakt\/\",\"name\":\"Kontakt - CNC Automationsl\u00f6sungen\",\"isPartOf\":{\"@id\":\"https:\/\/automation-auf-cnc-maschine.ch\/#website\"},\"datePublished\":\"2025-10-17T08:33:46+00:00\",\"dateModified\":\"2025-10-31T13:20:34+00:00\",\"breadcrumb\":{\"@id\":\"https:\/\/automation-auf-cnc-maschine.ch\/kontakt\/#breadcrumb\"},\"inLanguage\":\"en-GB\",\"potentialAction\":[{\"@type\":\"ReadAction\",\"target\":[\"https:\/\/automation-auf-cnc-maschine.ch\/kontakt\/\"]}]},{\"@type\":\"BreadcrumbList\",\"@id\":\"https:\/\/automation-auf-cnc-maschine.ch\/kontakt\/#breadcrumb\",\"itemListElement\":[{\"@type\":\"ListItem\",\"position\":1,\"name\":\"Startseite\",\"item\":\"https:\/\/automation-auf-cnc-maschine.ch\/\"},{\"@type\":\"ListItem\",\"position\":2,\"name\":\"Kontakt\"}]},{\"@type\":\"WebSite\",\"@id\":\"https:\/\/automation-auf-cnc-maschine.ch\/#website\",\"url\":\"https:\/\/automation-auf-cnc-maschine.ch\/\",\"name\":\"CNC Automationsl\u00f6sungen\",\"description\":\"pL LEHMANN\u00ae\",\"potentialAction\":[{\"@type\":\"SearchAction\",\"target\":{\"@type\":\"EntryPoint\",\"urlTemplate\":\"https:\/\/automation-auf-cnc-maschine.ch\/?s={search_term_string}\"},\"query-input\":{\"@type\":\"PropertyValueSpecification\",\"valueRequired\":true,\"valueName\":\"search_term_string\"}}],\"inLanguage\":\"en-GB\"}]}<\/script>\n<!-- \/ Yoast SEO plugin. -->","yoast_head_json":{"title":"Contact - CNC Automation Solutions","robots":{"index":"index","follow":"follow","max-snippet":"max-snippet:-1","max-image-preview":"max-image-preview:large","max-video-preview":"max-video-preview:-1"},"canonical":"https:\/\/automation-auf-cnc-maschine.ch\/en\/contact\/","og_locale":"en_GB","og_type":"article","og_title":"Kontakt - CNC Automationsl\u00f6sungen","og_description":"Kontakt pL LEHMANN\u00ae ist mit einem \"Global Network\" international aufgestellt und in ca. 20 L\u00e4ndern pr\u00e4sent. \u00dcber die nachfolgende Karte finden Sie sofort Ihren zust\u00e4ndigen Partner. Falls es in Ihrem Land keinen markierten Standort hat, steht Ihnen unser Headquarters in der Schweiz gerne zur Verf\u00fcgung. Sie d\u00fcrfen sich auch jederzeit \u00fcber das Kontaktformular bei uns [&hellip;]","og_url":"https:\/\/automation-auf-cnc-maschine.ch\/en\/contact\/","og_site_name":"CNC Automationsl\u00f6sungen","article_modified_time":"2025-10-31T13:20:34+00:00","twitter_card":"summary_large_image","twitter_misc":{"Estimated reading time":"1 minute"},"schema":{"@context":"https:\/\/schema.org","@graph":[{"@type":"WebPage","@id":"https:\/\/automation-auf-cnc-maschine.ch\/kontakt\/","url":"https:\/\/automation-auf-cnc-maschine.ch\/kontakt\/","name":"Contact - CNC Automation Solutions","isPartOf":{"@id":"https:\/\/automation-auf-cnc-maschine.ch\/#website"},"datePublished":"2025-10-17T08:33:46+00:00","dateModified":"2025-10-31T13:20:34+00:00","breadcrumb":{"@id":"https:\/\/automation-auf-cnc-maschine.ch\/kontakt\/#breadcrumb"},"inLanguage":"en-GB","potentialAction":[{"@type":"ReadAction","target":["https:\/\/automation-auf-cnc-maschine.ch\/kontakt\/"]}]},{"@type":"BreadcrumbList","@id":"https:\/\/automation-auf-cnc-maschine.ch\/kontakt\/#breadcrumb","itemListElement":[{"@type":"ListItem","position":1,"name":"Startseite","item":"https:\/\/automation-auf-cnc-maschine.ch\/"},{"@type":"ListItem","position":2,"name":"Kontakt"}]},{"@type":"WebSite","@id":"https:\/\/automation-auf-cnc-maschine.ch\/#website","url":"https:\/\/automation-auf-cnc-maschine.ch\/","name":"CNC Automation Solutions","description":"pL LEHMANN\u00ae","potentialAction":[{"@type":"SearchAction","target":{"@type":"EntryPoint","urlTemplate":"https:\/\/automation-auf-cnc-maschine.ch\/?s={search_term_string}"},"query-input":{"@type":"PropertyValueSpecification","valueRequired":true,"valueName":"search_term_string"}}],"inLanguage":"en-GB"}]}},"_links":{"self":[{"href":"https:\/\/automation-auf-cnc-maschine.ch\/en\/wp-json\/wp\/v2\/pages\/125","targetHints":{"allow":["GET"]}}],"collection":[{"href":"https:\/\/automation-auf-cnc-maschine.ch\/en\/wp-json\/wp\/v2\/pages"}],"about":[{"href":"https:\/\/automation-auf-cnc-maschine.ch\/en\/wp-json\/wp\/v2\/types\/page"}],"author":[{"embeddable":true,"href":"https:\/\/automation-auf-cnc-maschine.ch\/en\/wp-json\/wp\/v2\/users\/1"}],"replies":[{"embeddable":true,"href":"https:\/\/automation-auf-cnc-maschine.ch\/en\/wp-json\/wp\/v2\/comments?post=125"}],"version-history":[{"count":8,"href":"https:\/\/automation-auf-cnc-maschine.ch\/en\/wp-json\/wp\/v2\/pages\/125\/revisions"}],"predecessor-version":[{"id":240,"href":"https:\/\/automation-auf-cnc-maschine.ch\/en\/wp-json\/wp\/v2\/pages\/125\/revisions\/240"}],"wp:attachment":[{"href":"https:\/\/automation-auf-cnc-maschine.ch\/en\/wp-json\/wp\/v2\/media?parent=125"}],"curies":[{"name":"wp","href":"https:\/\/api.w.org\/{rel}","templated":true}]}}